{"id":6887,"date":"2021-11-15T00:56:44","date_gmt":"2021-11-14T23:56:44","guid":{"rendered":"https:\/\/kagyu-monlam.dhagpo.org\/bildnachweis\/"},"modified":"2025-10-12T12:12:13","modified_gmt":"2025-10-12T10:12:13","slug":"bildnachweis","status":"publish","type":"page","link":"https:\/\/kagyu-monlam.dhagpo.org\/de\/bildnachweis\/","title":{"rendered":"Bildnachweis"},"content":{"rendered":"<p>[et_pb_section fb_built=&#8220;1&#8243; _builder_version=&#8220;4.18.1&#8243; _module_preset=&#8220;default&#8220; background_color=&#8220;gcid-cc623b7b-f465-4024-88e8-f2326a781983&#8243; custom_padding=&#8220;0px||0px||true|false&#8220; global_colors_info=&#8220;{%22gcid-cc623b7b-f465-4024-88e8-f2326a781983%22:%91%22background_color%22%93}&#8220; theme_builder_area=&#8220;post_content&#8220;][et_pb_row _builder_version=&#8220;4.16&#8243; _module_preset=&#8220;default&#8220; width=&#8220;90%&#8220; custom_padding=&#8220;9px||4px|||&#8220; global_colors_info=&#8220;{}&#8220; theme_builder_area=&#8220;post_content&#8220;][et_pb_column type=&#8220;4_4&#8243; _builder_version=&#8220;4.16&#8243; _module_preset=&#8220;default&#8220; global_colors_info=&#8220;{}&#8220; theme_builder_area=&#8220;post_content&#8220;][et_pb_blurb use_icon=&#8220;on&#8220; font_icon=&#8220;&#xf030;||fa||900&#8243; image_icon_width=&#8220;50px&#8220; _builder_version=&#8220;4.23&#8243; _module_preset=&#8220;5c6ae4ce-c8a0-43a2-8fb6-aa3dd2355f31&#8243; custom_padding=&#8220;42px||45px||false|false&#8220; global_colors_info=&#8220;{}&#8220; theme_builder_area=&#8220;post_content&#8220;]<\/p>\n<p>Annie Dard, Tokpa Korlo, Teundroup Namgyal, Dhagpo Kagyu Ling, Dhagpo M\u00f6hra, Dhagpo Sheydrub Ling Monastery Nala, Karmae Sangha Rumtek, Karmapa International Buddhist Institute, Lhundrup Choling Monastery Kathmandu, Sharminub Institute Kathmandu, Descubes Cl\u00e9ment, Dante Villa, Coline Palmo, Collection Archives KTL.<\/p>\n<p>[\/et_pb_blurb][\/et_pb_column][\/et_pb_row][et_pb_row _builder_version=&#8220;4.18.1&#8243; _module_preset=&#8220;default&#8220; width=&#8220;100%&#8220; max_width=&#8220;100%&#8220; custom_margin=&#8220;0px||0px||true|false&#8220; custom_padding=&#8220;0px||0px||true|false&#8220; global_colors_info=&#8220;{}&#8220; theme_builder_area=&#8220;post_content&#8220;][et_pb_column type=&#8220;4_4&#8243; _builder_version=&#8220;4.16&#8243; _module_preset=&#8220;default&#8220; global_colors_info=&#8220;{}&#8220; theme_builder_area=&#8220;post_content&#8220;][et_pb_image src=&#8220;https:\/\/kagyu-monlam.dhagpo.org\/wp-content\/uploads\/2021\/11\/Mahabodhi_Bodhgaya_3.jpg&#8220; title_text=&#8220;Mahabodhi Bodhgaya&#8220; _builder_version=&#8220;4.18.1&#8243; _module_preset=&#8220;default&#8220; global_colors_info=&#8220;{}&#8220; theme_builder_area=&#8220;post_content&#8220;][\/et_pb_image][\/et_pb_column][\/et_pb_row][\/et_pb_section]<\/p>\n","protected":false},"excerpt":{"rendered":"<p>Annie Dard, Tokpa Korlo, Teundroup Namgyal, Dhagpo Kagyu Ling, Dhagpo M\u00f6hra, Dhagpo Sheydrub Ling Monastery Nala, Karmae Sangha Rumtek, Karmapa International Buddhist Institute, Lhundrup Choling Monastery Kathmandu, Sharminub Institute Kathmandu, Descubes Cl\u00e9ment, Dante Villa, Coline Palmo, Collection Archives KTL.<\/p>\n","protected":false},"author":2,"featured_media":0,"parent":0,"menu_order":0,"comment_status":"closed","ping_status":"closed","template":"","meta":{"_et_pb_use_builder":"on","_et_pb_old_content":"","_et_gb_content_width":"","footnotes":""},"class_list":["post-6887","page","type-page","status-publish","hentry"],"yoast_head":"<!-- This site is optimized with the Yoast SEO plugin v26.1.1 - https:\/\/yoast.com\/wordpress\/plugins\/seo\/ -->\n<title>Bildnachweis - Kagyu M\u00f6nlam \u00e0 Dhagpo Kundreul Ling<\/title>\n<meta name=\"robots\" content=\"index, follow, max-snippet:-1, max-image-preview:large, max-video-preview:-1\" \/>\n<link rel=\"canonical\" href=\"https:\/\/kagyu-monlam.dhagpo.org\/de\/bildnachweis\/\" \/>\n<meta property=\"og:locale\" content=\"de_DE\" \/>\n<meta property=\"og:type\" content=\"article\" \/>\n<meta property=\"og:title\" content=\"Bildnachweis - Kagyu M\u00f6nlam \u00e0 Dhagpo Kundreul Ling\" \/>\n<meta property=\"og:description\" content=\"Annie Dard, Tokpa Korlo, Teundroup Namgyal, Dhagpo Kagyu Ling, Dhagpo M\u00f6hra, Dhagpo Sheydrub Ling Monastery Nala, Karmae Sangha Rumtek, Karmapa International Buddhist Institute, Lhundrup Choling Monastery Kathmandu, Sharminub Institute Kathmandu, Descubes Cl\u00e9ment, Dante Villa, Coline Palmo, Collection Archives KTL.\" \/>\n<meta property=\"og:url\" content=\"https:\/\/kagyu-monlam.dhagpo.org\/de\/bildnachweis\/\" \/>\n<meta property=\"og:site_name\" content=\"Kagyu M\u00f6nlam \u00e0 Dhagpo Kundreul Ling\" \/>\n<meta property=\"article:modified_time\" content=\"2025-10-12T10:12:13+00:00\" \/>\n<meta name=\"twitter:card\" content=\"summary_large_image\" \/>\n<meta name=\"twitter:label1\" content=\"Gesch\u00e4tzte Lesezeit\" \/>\n\t<meta name=\"twitter:data1\" content=\"1\u00a0Minute\" \/>\n<script type=\"application\/ld+json\" class=\"yoast-schema-graph\">{\"@context\":\"https:\/\/schema.org\",\"@graph\":[{\"@type\":\"WebPage\",\"@id\":\"https:\/\/kagyu-monlam.dhagpo.org\/de\/bildnachweis\/\",\"url\":\"https:\/\/kagyu-monlam.dhagpo.org\/de\/bildnachweis\/\",\"name\":\"Bildnachweis - Kagyu M\u00f6nlam \u00e0 Dhagpo Kundreul Ling\",\"isPartOf\":{\"@id\":\"https:\/\/kagyu-monlam.dhagpo.org\/#website\"},\"datePublished\":\"2021-11-14T23:56:44+00:00\",\"dateModified\":\"2025-10-12T10:12:13+00:00\",\"breadcrumb\":{\"@id\":\"https:\/\/kagyu-monlam.dhagpo.org\/de\/bildnachweis\/#breadcrumb\"},\"inLanguage\":\"de\",\"potentialAction\":[{\"@type\":\"ReadAction\",\"target\":[\"https:\/\/kagyu-monlam.dhagpo.org\/de\/bildnachweis\/\"]}]},{\"@type\":\"BreadcrumbList\",\"@id\":\"https:\/\/kagyu-monlam.dhagpo.org\/de\/bildnachweis\/#breadcrumb\",\"itemListElement\":[{\"@type\":\"ListItem\",\"position\":1,\"name\":\"Accueil\",\"item\":\"https:\/\/kagyu-monlam.dhagpo.org\/de\/kagyue-moenlam\/\"},{\"@type\":\"ListItem\",\"position\":2,\"name\":\"Bildnachweis\"}]},{\"@type\":\"WebSite\",\"@id\":\"https:\/\/kagyu-monlam.dhagpo.org\/#website\",\"url\":\"https:\/\/kagyu-monlam.dhagpo.org\/\",\"name\":\"Kagyu M\u00f6nlam \u00e0 Dhagpo Kundreul Ling\",\"description\":\"Une grande accumulation de souhaits pour le bonheur des \u00eatres\",\"potentialAction\":[{\"@type\":\"SearchAction\",\"target\":{\"@type\":\"EntryPoint\",\"urlTemplate\":\"https:\/\/kagyu-monlam.dhagpo.org\/?s={search_term_string}\"},\"query-input\":{\"@type\":\"PropertyValueSpecification\",\"valueRequired\":true,\"valueName\":\"search_term_string\"}}],\"inLanguage\":\"de\"}]}<\/script>\n<!-- \/ Yoast SEO plugin. -->","yoast_head_json":{"title":"Bildnachweis - Kagyu M\u00f6nlam \u00e0 Dhagpo Kundreul Ling","robots":{"index":"index","follow":"follow","max-snippet":"max-snippet:-1","max-image-preview":"max-image-preview:large","max-video-preview":"max-video-preview:-1"},"canonical":"https:\/\/kagyu-monlam.dhagpo.org\/de\/bildnachweis\/","og_locale":"de_DE","og_type":"article","og_title":"Bildnachweis - Kagyu M\u00f6nlam \u00e0 Dhagpo Kundreul Ling","og_description":"Annie Dard, Tokpa Korlo, Teundroup Namgyal, Dhagpo Kagyu Ling, Dhagpo M\u00f6hra, Dhagpo Sheydrub Ling Monastery Nala, Karmae Sangha Rumtek, Karmapa International Buddhist Institute, Lhundrup Choling Monastery Kathmandu, Sharminub Institute Kathmandu, Descubes Cl\u00e9ment, Dante Villa, Coline Palmo, Collection Archives KTL.","og_url":"https:\/\/kagyu-monlam.dhagpo.org\/de\/bildnachweis\/","og_site_name":"Kagyu M\u00f6nlam \u00e0 Dhagpo Kundreul Ling","article_modified_time":"2025-10-12T10:12:13+00:00","twitter_card":"summary_large_image","twitter_misc":{"Gesch\u00e4tzte Lesezeit":"1\u00a0Minute"},"schema":{"@context":"https:\/\/schema.org","@graph":[{"@type":"WebPage","@id":"https:\/\/kagyu-monlam.dhagpo.org\/de\/bildnachweis\/","url":"https:\/\/kagyu-monlam.dhagpo.org\/de\/bildnachweis\/","name":"Bildnachweis - Kagyu M\u00f6nlam \u00e0 Dhagpo Kundreul Ling","isPartOf":{"@id":"https:\/\/kagyu-monlam.dhagpo.org\/#website"},"datePublished":"2021-11-14T23:56:44+00:00","dateModified":"2025-10-12T10:12:13+00:00","breadcrumb":{"@id":"https:\/\/kagyu-monlam.dhagpo.org\/de\/bildnachweis\/#breadcrumb"},"inLanguage":"de","potentialAction":[{"@type":"ReadAction","target":["https:\/\/kagyu-monlam.dhagpo.org\/de\/bildnachweis\/"]}]},{"@type":"BreadcrumbList","@id":"https:\/\/kagyu-monlam.dhagpo.org\/de\/bildnachweis\/#breadcrumb","itemListElement":[{"@type":"ListItem","position":1,"name":"Accueil","item":"https:\/\/kagyu-monlam.dhagpo.org\/de\/kagyue-moenlam\/"},{"@type":"ListItem","position":2,"name":"Bildnachweis"}]},{"@type":"WebSite","@id":"https:\/\/kagyu-monlam.dhagpo.org\/#website","url":"https:\/\/kagyu-monlam.dhagpo.org\/","name":"Kagyu M\u00f6nlam \u00e0 Dhagpo Kundreul Ling","description":"Une grande accumulation de souhaits pour le bonheur des \u00eatres","potentialAction":[{"@type":"SearchAction","target":{"@type":"EntryPoint","urlTemplate":"https:\/\/kagyu-monlam.dhagpo.org\/?s={search_term_string}"},"query-input":{"@type":"PropertyValueSpecification","valueRequired":true,"valueName":"search_term_string"}}],"inLanguage":"de"}]}},"_links":{"self":[{"href":"https:\/\/kagyu-monlam.dhagpo.org\/de\/wp-json\/wp\/v2\/pages\/6887","targetHints":{"allow":["GET"]}}],"collection":[{"href":"https:\/\/kagyu-monlam.dhagpo.org\/de\/wp-json\/wp\/v2\/pages"}],"about":[{"href":"https:\/\/kagyu-monlam.dhagpo.org\/de\/wp-json\/wp\/v2\/types\/page"}],"author":[{"embeddable":true,"href":"https:\/\/kagyu-monlam.dhagpo.org\/de\/wp-json\/wp\/v2\/users\/2"}],"replies":[{"embeddable":true,"href":"https:\/\/kagyu-monlam.dhagpo.org\/de\/wp-json\/wp\/v2\/comments?post=6887"}],"version-history":[{"count":10,"href":"https:\/\/kagyu-monlam.dhagpo.org\/de\/wp-json\/wp\/v2\/pages\/6887\/revisions"}],"predecessor-version":[{"id":8841,"href":"https:\/\/kagyu-monlam.dhagpo.org\/de\/wp-json\/wp\/v2\/pages\/6887\/revisions\/8841"}],"wp:attachment":[{"href":"https:\/\/kagyu-monlam.dhagpo.org\/de\/wp-json\/wp\/v2\/media?parent=6887"}],"curies":[{"name":"wp","href":"https:\/\/api.w.org\/{rel}","templated":true}]}}